{"id":1919,"date":"2025-02-14T09:54:11","date_gmt":"2025-02-14T08:54:11","guid":{"rendered":"https:\/\/www.saveupmarket.com\/blog\/?page_id=1919"},"modified":"2025-02-14T10:01:32","modified_gmt":"2025-02-14T09:01:32","slug":"politica-cookies","status":"publish","type":"page","link":"https:\/\/www.saveupmarket.com\/blog\/politica-cookies\/","title":{"rendered":"Pol\u00edtica de Cookies"},"content":{"rendered":"\n<h2 class=\"wp-block-heading\">Pol\u00edtica de Cookies<\/h2>\n\n\n\n<p>Save Up Market recoge su Pol\u00edtica de recogida y tratamiento de cookies, en cumplimiento de lo dispuesto en el art\u00edculo 22.2 de la Ley 34\/2002, de 11 de julio, de Servicios de la Sociedad de la Informaci\u00f3n y de Comercio Electr\u00f3nico. La Pol\u00edtica de Cookies ser\u00e1 de aplicaci\u00f3n a aquellos usuarios que voluntariamente visitan las p\u00e1ginas web de Save Up Market, cumplimentan formularios de recogida de datos, acceden a las herramientas que Save Up Market pone a disposici\u00f3n de sus clientes para gestionar sus servicios, o utilizan cualquier otro servicio presente en el sitio web que implique la comunicaci\u00f3n de datos a Save up Market, o el acceso a datos por Save up Market para la prestaci\u00f3n de sus servicios. DEFINICI\u00d3N Y FUNCI\u00d3N DE LAS COOKIES Una cookie es un peque\u00f1o archivo de texto ubicado en el disco duro del ordenador que archiva informaci\u00f3n acerca del uso que se realiza de una p\u00e1gina de Internet. Las cookies permiten a una p\u00e1gina web, entre otras cosas, almacenar y recuperar informaci\u00f3n sobre los h\u00e1bitos de navegaci\u00f3n de un usuario o de su equipo y, dependiendo de la informaci\u00f3n que contengan y de la forma que utilice su equipo, pueden utilizarse para reconocer al usuario. Las cookies solamente pueden ser le\u00eddas por el servidor que las coloc\u00f3 y no pueden ejecutar ning\u00fan programa o virus. Las cookies de Save Up Market no pueden leer datos de su disco duro. Por regla general, existen los siguientes tipos de cookies:<\/p>\n\n\n\n<p>En funci\u00f3n de su caducidad: Sesi\u00f3n: Son un tipo de cookies dise\u00f1adas para recabar y almacenar datos mientras el usuario accede a una p\u00e1gina web. Caducan al finalizar la sesi\u00f3n. Persistentes: Son un tipo de cookies en el que los datos siguen almacenados en el terminal y pueden ser accedidos y tratados durante un periodo definido por el responsable de la cookie, y que puede ir de unos minutos a varios a\u00f1os.<\/p>\n\n\n\n<p>En funci\u00f3n de su procedencia: Propias: Habilitadas por el sitio web por el que navega. De terceros: Son aqu\u00e9llas que se env\u00edan al equipo terminal del usuario desde un equipo o dominio que no es gestionado por el editor, sino por otra entidad que trata los datos obtenidos trav\u00e9s de las cookies.<\/p>\n\n\n\n<p>En funci\u00f3n de su finalidad: Cookies t\u00e9cnicas Son aqu\u00e9llas que te permiten como usuario navegar a trav\u00e9s de una p\u00e1gina web, plataforma o aplicaci\u00f3n y utilizar las diferentes opciones o servicios que en ella existan como, por ejemplo, controlar el tr\u00e1fico y la comunicaci\u00f3n de datos, identificar la sesi\u00f3n, acceder a partes de acceso restringido, recordar los elementos que integran un pedido, realizar el proceso de compra de un pedido, realizar la solicitud de inscripci\u00f3n o participaci\u00f3n en un evento, utilizar elementos de seguridad durante la navegaci\u00f3n, almacenar contenidos para la difusi\u00f3n de videos o sonido o compartir contenidos a trav\u00e9s de redes sociales. Cookies anal\u00edticas Son utilizadas para recabar estad\u00edsticas de actividad del usuario. Se analizan el n\u00famero de usuarios que visitan el sitio web, el n\u00famero de p\u00e1ginas visitadas as\u00ed como la actividad de los usuarios en el sitio web y su frecuencia de utilizaci\u00f3n. La informaci\u00f3n recopilada siempre es an\u00f3nima de tal forma que no se podr\u00e1 establecer un v\u00ednculo entre \u00e9sta y la persona f\u00edsica a qui\u00e9n se refiere. Cookies de autenticaci\u00f3n Son utilizadas por el sitio web para el mantenimiento de la sesi\u00f3n del usuario durante cada visita, siendo dominantes en entornos privados del sitio web que precisan de un usuario y contrase\u00f1a para el acceso. Cookies usadas por redes sociales, permiten que el usuario tenga la posibilidad de compartir con sus contactos en una red social los contenidos que le resulten de inter\u00e9s mediante la marcaci\u00f3n del bot\u00f3n (plug-in) correspondiente insertado en el sitio web. Cookies usadas por complementos externos de contenido. Estas cookies son almacenadas por terceros y son necesarias para la prestaci\u00f3n de alg\u00fan tipo de servicio. Cookies de terceros para la personalizaci\u00f3n de espacios publicitarios. Son almacenadas por terceras partes y permiten gestionar el espacio publicitario que los usuarios visualizan al acceder al sitio web.<\/p>\n\n\n\n<h2 class=\"wp-block-heading\">\u00bfQUI\u00c9N USA LA INFORMACI\u00d3N ALMACENADA EN LAS COOKIES?<\/h2>\n\n\n\n<p>La informaci\u00f3n almacenada en las cookies de nuestro sitio web es usada exclusivamente por nosotros, a excepci\u00f3n de la de Google Analytics, que es usada y gestionada por Google y por nosotros con fines estad\u00edsticos, y la cookie de an\u00e1lisis de operaciones de pago, que se genera exclusivamente cuando se efect\u00faa una compra y es analizada por una empresa externa con el objetivo de ofrecer garant\u00edas suficientes sobre las operaciones de pago realizadas.<\/p>\n\n\n\n<h2 class=\"wp-block-heading\">ACEPTACI\u00d3N DE LA POL\u00cdTICA Y ELIMINACI\u00d3N DE COOKIES<\/h2>\n\n\n\n<p>Al navegar y continuar en nuestra web nos est\u00e1s indicado que consientes el uso de las cookies antes enunciadas en las condiciones contenidas en la presente Pol\u00edtica de Cookies. El tiempo de conservaci\u00f3n de las cookies depender\u00e1 del tipo de que se trate y siempre ser\u00e1 el m\u00ednimo indispensable para cumplir su finalidad. Como usuario puedes configurar tu navegador, de manera que se deshabilite o bloquee la recepci\u00f3n de todas o algunas de las cookies. El hecho de no desear recibir estas cookies, no constituye un impedimento para poder acceder a la informaci\u00f3n , aunque el uso de algunos servicios podr\u00e1 ser limitado. Si una vez otorgado el consentimiento para la recepci\u00f3n de cookies, se desease retirar \u00e9ste, se deber\u00e1n eliminar aquellas almacenadas en el equipo del usuario, a trav\u00e9s de las opciones de los diferentes navegadores.<\/p>\n","protected":false},"excerpt":{"rendered":"<p>Pol\u00edtica de Cookies Save Up Market recoge su Pol\u00edtica de recogida y tratamiento de cookies, en cumplimiento de lo dispuesto en el [&hellip;]<\/p>\n","protected":false},"author":1,"featured_media":0,"parent":0,"menu_order":0,"comment_status":"closed","ping_status":"closed","template":"","meta":{"footnotes":""},"class_list":["post-1919","page","type-page","status-publish","hentry"],"yoast_head":"<!-- This site is optimized with the Yoast SEO plugin v26.8 - https:\/\/yoast.com\/product\/yoast-seo-wordpress\/ -->\n<title>Pol\u00edtica de Cookies - Saveupmarket<\/title>\n<meta name=\"robots\" content=\"index, follow, max-snippet:-1, max-image-preview:large, max-video-preview:-1\" \/>\n<link rel=\"canonical\" href=\"https:\/\/www.saveupmarket.com\/blog\/politica-cookies\/\" \/>\n<meta property=\"og:locale\" content=\"es_ES\" \/>\n<meta property=\"og:type\" content=\"article\" \/>\n<meta property=\"og:title\" content=\"Pol\u00edtica de Cookies - Saveupmarket\" \/>\n<meta property=\"og:description\" content=\"Pol\u00edtica de Cookies Save Up Market recoge su Pol\u00edtica de recogida y tratamiento de cookies, en cumplimiento de lo dispuesto en el [&hellip;]\" \/>\n<meta property=\"og:url\" content=\"https:\/\/www.saveupmarket.com\/blog\/politica-cookies\/\" \/>\n<meta property=\"og:site_name\" content=\"Saveupmarket\" \/>\n<meta property=\"article:modified_time\" content=\"2025-02-14T09:01:32+00:00\" \/>\n<meta name=\"twitter:card\" content=\"summary_large_image\" \/>\n<meta name=\"twitter:label1\" content=\"Tiempo de lectura\" \/>\n\t<meta name=\"twitter:data1\" content=\"5 minutos\" \/>\n<script type=\"application\/ld+json\" class=\"yoast-schema-graph\">{\"@context\":\"https:\/\/schema.org\",\"@graph\":[{\"@type\":\"WebPage\",\"@id\":\"https:\/\/www.saveupmarket.com\/blog\/politica-cookies\/\",\"url\":\"https:\/\/www.saveupmarket.com\/blog\/politica-cookies\/\",\"name\":\"Pol\u00edtica de Cookies - Saveupmarket\",\"isPartOf\":{\"@id\":\"https:\/\/www.saveupmarket.com\/blog\/#website\"},\"datePublished\":\"2025-02-14T08:54:11+00:00\",\"dateModified\":\"2025-02-14T09:01:32+00:00\",\"breadcrumb\":{\"@id\":\"https:\/\/www.saveupmarket.com\/blog\/politica-cookies\/#breadcrumb\"},\"inLanguage\":\"es\",\"potentialAction\":[{\"@type\":\"ReadAction\",\"target\":[\"https:\/\/www.saveupmarket.com\/blog\/politica-cookies\/\"]}]},{\"@type\":\"BreadcrumbList\",\"@id\":\"https:\/\/www.saveupmarket.com\/blog\/politica-cookies\/#breadcrumb\",\"itemListElement\":[{\"@type\":\"ListItem\",\"position\":1,\"name\":\"Portada\",\"item\":\"https:\/\/www.saveupmarket.com\/blog\/\"},{\"@type\":\"ListItem\",\"position\":2,\"name\":\"Pol\u00edtica de Cookies\"}]},{\"@type\":\"WebSite\",\"@id\":\"https:\/\/www.saveupmarket.com\/blog\/#website\",\"url\":\"https:\/\/www.saveupmarket.com\/blog\/\",\"name\":\"Saveupmarket\",\"description\":\"Ahorramos juntos\",\"publisher\":{\"@id\":\"https:\/\/www.saveupmarket.com\/blog\/#organization\"},\"potentialAction\":[{\"@type\":\"SearchAction\",\"target\":{\"@type\":\"EntryPoint\",\"urlTemplate\":\"https:\/\/www.saveupmarket.com\/blog\/?s={search_term_string}\"},\"query-input\":{\"@type\":\"PropertyValueSpecification\",\"valueRequired\":true,\"valueName\":\"search_term_string\"}}],\"inLanguage\":\"es\"},{\"@type\":\"Organization\",\"@id\":\"https:\/\/www.saveupmarket.com\/blog\/#organization\",\"name\":\"Saveupmarket\",\"url\":\"https:\/\/www.saveupmarket.com\/blog\/\",\"logo\":{\"@type\":\"ImageObject\",\"inLanguage\":\"es\",\"@id\":\"https:\/\/www.saveupmarket.com\/blog\/#\/schema\/logo\/image\/\",\"url\":\"https:\/\/www.saveupmarket.com\/blog\/wp-content\/uploads\/2024\/07\/cropped-logo-landing-1.png\",\"contentUrl\":\"https:\/\/www.saveupmarket.com\/blog\/wp-content\/uploads\/2024\/07\/cropped-logo-landing-1.png\",\"width\":249,\"height\":43,\"caption\":\"Saveupmarket\"},\"image\":{\"@id\":\"https:\/\/www.saveupmarket.com\/blog\/#\/schema\/logo\/image\/\"}}]}<\/script>\n<!-- \/ Yoast SEO plugin. -->","yoast_head_json":{"title":"Pol\u00edtica de Cookies - Saveupmarket","robots":{"index":"index","follow":"follow","max-snippet":"max-snippet:-1","max-image-preview":"max-image-preview:large","max-video-preview":"max-video-preview:-1"},"canonical":"https:\/\/www.saveupmarket.com\/blog\/politica-cookies\/","og_locale":"es_ES","og_type":"article","og_title":"Pol\u00edtica de Cookies - Saveupmarket","og_description":"Pol\u00edtica de Cookies Save Up Market recoge su Pol\u00edtica de recogida y tratamiento de cookies, en cumplimiento de lo dispuesto en el [&hellip;]","og_url":"https:\/\/www.saveupmarket.com\/blog\/politica-cookies\/","og_site_name":"Saveupmarket","article_modified_time":"2025-02-14T09:01:32+00:00","twitter_card":"summary_large_image","twitter_misc":{"Tiempo de lectura":"5 minutos"},"schema":{"@context":"https:\/\/schema.org","@graph":[{"@type":"WebPage","@id":"https:\/\/www.saveupmarket.com\/blog\/politica-cookies\/","url":"https:\/\/www.saveupmarket.com\/blog\/politica-cookies\/","name":"Pol\u00edtica de Cookies - Saveupmarket","isPartOf":{"@id":"https:\/\/www.saveupmarket.com\/blog\/#website"},"datePublished":"2025-02-14T08:54:11+00:00","dateModified":"2025-02-14T09:01:32+00:00","breadcrumb":{"@id":"https:\/\/www.saveupmarket.com\/blog\/politica-cookies\/#breadcrumb"},"inLanguage":"es","potentialAction":[{"@type":"ReadAction","target":["https:\/\/www.saveupmarket.com\/blog\/politica-cookies\/"]}]},{"@type":"BreadcrumbList","@id":"https:\/\/www.saveupmarket.com\/blog\/politica-cookies\/#breadcrumb","itemListElement":[{"@type":"ListItem","position":1,"name":"Portada","item":"https:\/\/www.saveupmarket.com\/blog\/"},{"@type":"ListItem","position":2,"name":"Pol\u00edtica de Cookies"}]},{"@type":"WebSite","@id":"https:\/\/www.saveupmarket.com\/blog\/#website","url":"https:\/\/www.saveupmarket.com\/blog\/","name":"Saveupmarket","description":"Ahorramos juntos","publisher":{"@id":"https:\/\/www.saveupmarket.com\/blog\/#organization"},"potentialAction":[{"@type":"SearchAction","target":{"@type":"EntryPoint","urlTemplate":"https:\/\/www.saveupmarket.com\/blog\/?s={search_term_string}"},"query-input":{"@type":"PropertyValueSpecification","valueRequired":true,"valueName":"search_term_string"}}],"inLanguage":"es"},{"@type":"Organization","@id":"https:\/\/www.saveupmarket.com\/blog\/#organization","name":"Saveupmarket","url":"https:\/\/www.saveupmarket.com\/blog\/","logo":{"@type":"ImageObject","inLanguage":"es","@id":"https:\/\/www.saveupmarket.com\/blog\/#\/schema\/logo\/image\/","url":"https:\/\/www.saveupmarket.com\/blog\/wp-content\/uploads\/2024\/07\/cropped-logo-landing-1.png","contentUrl":"https:\/\/www.saveupmarket.com\/blog\/wp-content\/uploads\/2024\/07\/cropped-logo-landing-1.png","width":249,"height":43,"caption":"Saveupmarket"},"image":{"@id":"https:\/\/www.saveupmarket.com\/blog\/#\/schema\/logo\/image\/"}}]}},"_links":{"self":[{"href":"https:\/\/www.saveupmarket.com\/blog\/wp-json\/wp\/v2\/pages\/1919","targetHints":{"allow":["GET"]}}],"collection":[{"href":"https:\/\/www.saveupmarket.com\/blog\/wp-json\/wp\/v2\/pages"}],"about":[{"href":"https:\/\/www.saveupmarket.com\/blog\/wp-json\/wp\/v2\/types\/page"}],"author":[{"embeddable":true,"href":"https:\/\/www.saveupmarket.com\/blog\/wp-json\/wp\/v2\/users\/1"}],"replies":[{"embeddable":true,"href":"https:\/\/www.saveupmarket.com\/blog\/wp-json\/wp\/v2\/comments?post=1919"}],"version-history":[{"count":2,"href":"https:\/\/www.saveupmarket.com\/blog\/wp-json\/wp\/v2\/pages\/1919\/revisions"}],"predecessor-version":[{"id":1925,"href":"https:\/\/www.saveupmarket.com\/blog\/wp-json\/wp\/v2\/pages\/1919\/revisions\/1925"}],"wp:attachment":[{"href":"https:\/\/www.saveupmarket.com\/blog\/wp-json\/wp\/v2\/media?parent=1919"}],"curies":[{"name":"wp","href":"https:\/\/api.w.org\/{rel}","templated":true}]}}