{"id":1911,"date":"2025-02-14T09:51:55","date_gmt":"2025-02-14T08:51:55","guid":{"rendered":"https:\/\/www.saveupmarket.com\/blog\/?page_id=1911"},"modified":"2025-02-14T10:01:03","modified_gmt":"2025-02-14T09:01:03","slug":"politica-privacidad","status":"publish","type":"page","link":"https:\/\/www.saveupmarket.com\/blog\/politica-privacidad\/","title":{"rendered":"Pol\u00edtica de privacidad"},"content":{"rendered":"\n<h1 class=\"wp-block-heading\">Pol\u00edtica de privacidad<\/h1>\n\n\n\n<h2 class=\"wp-block-heading\">AVISO LEGAL<\/h2>\n\n\n\n<p>Para dar cumplimiento a lo establecido en la Ley 34\/2002, de 11 de julio, de servicios de la sociedad de la informaci\u00f3n y de comercio electr\u00f3nico, a continuaci\u00f3n se indican los datos de informaci\u00f3n general de este sitio web:<\/p>\n\n\n\n<h2 class=\"wp-block-heading\">CONDICIONES DE USO DE LA WEB, SERVICIOS Y CONTENIDOS<\/h2>\n\n\n\n<p>El acceso a y\/o uso del Portal atribuye a quien lo realiza la condici\u00f3n de usuario, aceptando, desde ese mismo momento, plenamente y sin reservas alguna, las presentes Condiciones Generales as\u00ed como las Condiciones Particulares que, en su caso, complementen, modifiquen o sustituyan las Condiciones Generales en relaci\u00f3n con determinados servicios y contenidos del Portal.<\/p>\n\n\n\n<p>El acceso a y\/o uso del Portal supone conocer y aceptar sin reserva alguna todas las advertencias legales contenidas en este aviso legal.<\/p>\n\n\n\n<p>El usuario se compromete a utilizar la p\u00e1gina Web y sus servicios y contenidos sin contravenir la legislaci\u00f3n vigente, la buena fe, la moral, los usos generalmente aceptados y el orden p\u00fablico. Asimismo, queda prohibido, el uso del Web con fines il\u00edcitos o lesivos contra Save Up Market o cualquier tercero, o que, de cualquier forma, puedan causar perjuicio o impedir el normal funcionamiento del Web, as\u00ed como la transmisi\u00f3n o env\u00edo a trav\u00e9s de la Web de cualquier contenido ilegal o il\u00edcito, mensajes, virus inform\u00e1ticos, etc., que en alg\u00fan modo afecten o violen los derechos de Save Up Market o de terceros.<\/p>\n\n\n\n<p>Respecto de los contenidos (informaciones, textos, gr\u00e1ficos, archivos de sonido y\/o imagen, fotograf\u00edas, dise\u00f1os, etc. ), se proh\u00edbe:<\/p>\n\n\n\n<ul class=\"wp-block-list\">\n<li>Su reproducci\u00f3n, distribuci\u00f3n o modificaci\u00f3n, a menos que se cuente con la autorizaci\u00f3n de sus leg\u00edtimos titulares o resulte legalmente permitido.<\/li>\n\n\n\n<li>Cualquier vulneraci\u00f3n de los derechos de Save Up Market o de los leg\u00edtimos titulares sobre los mismos.<\/li>\n\n\n\n<li>Su utilizaci\u00f3n para todo tipo de fines comerciales o publicitarios, distintos de los estrictamente permitidos.<\/li>\n\n\n\n<li>Cualquier intento de obtener los contenidos del Web por cualquier medio distinto de los que se pongan a disposici\u00f3n de los usuarios as\u00ed como de los que habitualmente se empleen en la red, quedando estos \u00faltimos permitidos siempre que no causen perjuicio alguno al Web de Save Up Market.<\/li>\n<\/ul>\n\n\n\n<h2 class=\"wp-block-heading\">RESPONSABILIDAD DEL USUARIO POR DATOS Y PERJUICIOS<\/h2>\n\n\n\n<p>El uso del Web se realizar\u00e1 bajo la \u00fanica y exclusiva responsabilidad del Usuario. Dicha responsabilidad se extender\u00e1 al uso, por parte del usuario o de cualquier tercero, de cualesquiera contrase\u00f1a o similares asignadas para el acceso al Web o a cualesquiera de sus servicios. Sin perjuicio de lo anterior, Save Up Market, se reserva el derecho a denegar o suspender en cualquier momento y sin necesidad de aviso previo, el acceso al Web, a aquellos usuarios que incumplan las condiciones generales contenidas en el presente aviso legal, o las particulares que en cada caso les sean de aplicaci\u00f3n.<\/p>\n\n\n\n<p>Save Up Market podr\u00e1 modificar unilateralmente y sin previo aviso, siempre que lo considere oportuno, la estructura y dise\u00f1o del Web, as\u00ed como modificar o eliminar, los servicios, los contenidos y las condiciones de acceso y\/o uso del Web.<\/p>\n\n\n\n<h2 class=\"wp-block-heading\">HIPERENLACES<\/h2>\n\n\n\n<p>Las personas o entidades que pretendan realizar o realicen un hiperenlace desde una p\u00e1gina web de otro portal de internet a cualquiera de las p\u00e1ginas del portal de Save Up Market deber\u00e1n someterse a las siguientes condiciones:<\/p>\n\n\n\n<ul class=\"wp-block-list\">\n<li>No se permite la reproducci\u00f3n ni total ni parcial de ninguno de los servicios ni contenidos del Portal de Save Up Market.<\/li>\n\n\n\n<li>No se establecer\u00e1n deep-links, ni enlaces IMG o de imagen, ni frames con las p\u00e1ginas del Portal de Save Up Market sin la previa autorizaci\u00f3n expresa de Save Up Market.<\/li>\n\n\n\n<li>No se incluir\u00e1 ninguna manifestaci\u00f3n falsa, inexacta o incorrecta sobre las p\u00e1ginas del Portal de Save Up Market ni sobre los servicios o contenidos del mismo.<\/li>\n\n\n\n<li>Salvo aquellos signos que formen parte del \u00abhiperenlace\u00bb, la p\u00e1gina web en el que se establezca no contendr\u00e1 ninguna marca, nombre comercial, r\u00f3tulo de establecimiento, denominaci\u00f3n, logotipo, eslogan u otros signos distintivos pertenecientes a Save Up Market, salvo autorizaci\u00f3n expresa de \u00e9ste. Ser\u00e1 il\u00edcito el uso de signos que formen parte del \u201chiperenlace\u201d que produzcan una p\u00e9rdida de prestigio de la marca perteneciente a Save Up Market o supongan un aprovechamiento indebido del renombre de Save Up Market.<\/li>\n\n\n\n<li>El establecimiento del \u00abhiperenlace\u00bb no implicar\u00e1 la existencia de relaciones entre Save Up Market y el titular de la p\u00e1gina web o del portal desde el cual se realice, ni el conocimiento y aceptaci\u00f3n de Save Up Market de los servicios y contenidos ofrecidos en dicho portal.<\/li>\n\n\n\n<li>El titular del Web donde se establezca el \u201chiperenlace\u201d deber\u00e1 advertir que no existe relaci\u00f3n comercial o empresarial con el sitio Web de Save Up Market.<\/li>\n\n\n\n<li>Save Up Market no ser\u00e1 responsable de los contenidos o servicios puestos a disposici\u00f3n del p\u00fablico en la p\u00e1gina web o portal desde el cual se realice el \u00abhiperenlace\u00bb ni de las informaciones y manifestaciones incluidas en las mismas.<\/li>\n\n\n\n<li>Cualquier \u00abhiperenlace\u00bb al Portal de Save Up Market se efectuar\u00e1 a su p\u00e1gina principal o p\u00e1ginas principales de las secciones que contiene.<\/li>\n<\/ul>\n\n\n\n<p>Los enlaces existentes en la p\u00e1gina Web de Save Up Market tienen como exclusiva funci\u00f3n la de facilitar a los usuarios la b\u00fasqueda de informaci\u00f3n, contenidos y servicios en Internet, sin que en ning\u00fan caso pueda considerarse una sugerencia, recomendaci\u00f3n o invitaci\u00f3n para la visita de los mismos. Save Up Market no comercializa, ni dirige, ni controla previamente, ni hace propios los contenidos, servicios, informaciones y manifestaciones disponibles en dichos sitios Web.<\/p>\n\n\n\n<p>Le informamos que los datos personales recogidos a trav\u00e9s de los formularios de contacto de www.Saveupmarket.com ser\u00e1n tratados por Save Up Market S.l., con el fin de gestionar su consulta y, en su caso, el mantenimiento de las relaciones profesionales y comerciales con Usted. Este tratamiento de datos es necesario para atender su solicitud y est\u00e1 basado en el consentimiento que Usted nos da al enviarnos su consulta. Salvo que Usted se oponga al tratamiento de sus datos, \u00e9stos ser\u00e1n conservados hasta pasados 3 a\u00f1os desde que Usted env\u00ede a Save Up Market S.l. su consulta o, en su caso, mientras se mantenga la relaci\u00f3n mercantil y los plazos marcados por la legislaci\u00f3n fiscal o durante los plazos establecidos para atender posibles reclamaciones.<\/p>\n\n\n\n<p>Los datos personales que Usted pueda facilitarnos durante su relaci\u00f3n contractual, profesional o comercial con Save Up Market S.l., ser\u00e1n tratados por la misma con la finalidad de mantener dichas relaciones, as\u00ed como para el env\u00edo de comunicaciones que puedan resultar de su inter\u00e9s. Ud. puede oponerse libremente a recibir dichas comunicaciones, sin que ello condicione nuestras relaciones contractuales, comerciales y profesionales. Para la realizaci\u00f3n de esta gesti\u00f3n es posible que sus datos sean cedidos a entidades bancarias y a la Administraci\u00f3n Tributaria. Este tratamiento de datos es necesario para la ejecuci\u00f3n del contrato y\/o para el mantenimiento de la relaci\u00f3n contractual, profesional o comercial. Igualmente, le informamos que sus datos ser\u00e1n conservados mientras se mantengan estas relaciones y los plazos marcados por la legislaci\u00f3n fiscal o durante los plazos establecidos para atender posibles reclamaciones.<\/p>\n\n\n\n<p>Ud. puede ejercer sus derechos de acceso, rectificaci\u00f3n, supresi\u00f3n, oposici\u00f3n, portabilidad y limitaci\u00f3n del tratamiento de sus datos dirigi\u00e9ndose a Save Up Market S.l., sita en Calle Francesc Carbonell, 21 &#8211; ESC C P . ENT PTA. 2, Barcelona, 08034 , Barcelona, o a&nbsp;<a href=\"mailto:josepmtt@saveupmarket.com\">josepmtt@saveupmarket.com<\/a>, acompa\u00f1ando copia de su DNI o documento acreditativo sustitutorio. En cualquier situaci\u00f3n, Ud. tiene derecho a presentar una reclamaci\u00f3n ante la Agencia Espa\u00f1ola de Protecci\u00f3n de Datos (AEPD).<\/p>\n\n\n\n<p>Save Up Market respeta la privacidad de sus datos por lo que \u00e9stos no ser\u00e1n transmitidos a terceros, con arreglo a las siguientes normas de nuestra pol\u00edtica de privacidad de datos:<\/p>\n\n\n\n<p>Navegaci\u00f3n an\u00f3nima a trav\u00e9s de las p\u00e1ginas web. Save Up Market sociedad titular de la web s\u00f3lo obtiene y conserva la siguiente informaci\u00f3n acerca de los visitantes de nuestro web:<\/p>\n\n\n\n<p>a) El nombre de dominio del proveedor (PSI) que les da acceso a la red. Por ejemplo, un usuario del proveedor XXX s\u00f3lo estar\u00e1 identificado con el dominio xxx.es. De esta manera podemos elaborar estad\u00edsticas sobre los pa\u00edses y servidores que visitan m\u00e1s a menudo nuestro web.<\/p>\n\n\n\n<p>b)La fecha y hora de acceso a nuestro web. Ello nos permite averiguar las horas de m\u00e1s afluencia, y hacer los ajustes precisos para evitar problemas de saturaci\u00f3n en nuestras horas punta.<\/p>\n\n\n\n<p>c) La direcci\u00f3n de Internet desde la que parti\u00f3 el link que dirige a nuestro web. Gracias a este dato, podemos conocer la efectividad de los distintos banners y enlaces que apuntan a nuestro servidor, con el fin de potenciar los que ofrezcan mejores resultados.<\/p>\n\n\n\n<p>d) El n\u00famero de visitantes diarios de cada secci\u00f3n. Ello nos permite conocer las \u00e1reas de m\u00e1s \u00e9xito y aumentar y mejorar su contenido, con el fin de que los usuarios obtengan un resultado m\u00e1s satisfactorio. La informaci\u00f3n obtenida es totalmente an\u00f3nima, y en ning\u00fan caso puede ser asociada a un usuario concreto e identificado.<\/p>\n","protected":false},"excerpt":{"rendered":"<p>Pol\u00edtica de privacidad AVISO LEGAL Para dar cumplimiento a lo establecido en la Ley 34\/2002, de 11 de julio, de servicios de [&hellip;]<\/p>\n","protected":false},"author":1,"featured_media":0,"parent":0,"menu_order":0,"comment_status":"closed","ping_status":"closed","template":"","meta":{"footnotes":""},"class_list":["post-1911","page","type-page","status-publish","hentry"],"yoast_head":"<!-- This site is optimized with the Yoast SEO plugin v26.8 - https:\/\/yoast.com\/product\/yoast-seo-wordpress\/ -->\n<title>Pol\u00edtica de privacidad - Saveupmarket<\/title>\n<meta name=\"robots\" content=\"index, follow, max-snippet:-1, max-image-preview:large, max-video-preview:-1\" \/>\n<link rel=\"canonical\" href=\"https:\/\/www.saveupmarket.com\/blog\/politica-privacidad\/\" \/>\n<meta property=\"og:locale\" content=\"es_ES\" \/>\n<meta property=\"og:type\" content=\"article\" \/>\n<meta property=\"og:title\" content=\"Pol\u00edtica de privacidad - Saveupmarket\" \/>\n<meta property=\"og:description\" content=\"Pol\u00edtica de privacidad AVISO LEGAL Para dar cumplimiento a lo establecido en la Ley 34\/2002, de 11 de julio, de servicios de [&hellip;]\" \/>\n<meta property=\"og:url\" content=\"https:\/\/www.saveupmarket.com\/blog\/politica-privacidad\/\" \/>\n<meta property=\"og:site_name\" content=\"Saveupmarket\" \/>\n<meta property=\"article:modified_time\" content=\"2025-02-14T09:01:03+00:00\" \/>\n<meta name=\"twitter:card\" content=\"summary_large_image\" \/>\n<meta name=\"twitter:label1\" content=\"Tiempo de lectura\" \/>\n\t<meta name=\"twitter:data1\" content=\"8 minutos\" \/>\n<script type=\"application\/ld+json\" class=\"yoast-schema-graph\">{\"@context\":\"https:\/\/schema.org\",\"@graph\":[{\"@type\":\"WebPage\",\"@id\":\"https:\/\/www.saveupmarket.com\/blog\/politica-privacidad\/\",\"url\":\"https:\/\/www.saveupmarket.com\/blog\/politica-privacidad\/\",\"name\":\"Pol\u00edtica de privacidad - Saveupmarket\",\"isPartOf\":{\"@id\":\"https:\/\/www.saveupmarket.com\/blog\/#website\"},\"datePublished\":\"2025-02-14T08:51:55+00:00\",\"dateModified\":\"2025-02-14T09:01:03+00:00\",\"breadcrumb\":{\"@id\":\"https:\/\/www.saveupmarket.com\/blog\/politica-privacidad\/#breadcrumb\"},\"inLanguage\":\"es\",\"potentialAction\":[{\"@type\":\"ReadAction\",\"target\":[\"https:\/\/www.saveupmarket.com\/blog\/politica-privacidad\/\"]}]},{\"@type\":\"BreadcrumbList\",\"@id\":\"https:\/\/www.saveupmarket.com\/blog\/politica-privacidad\/#breadcrumb\",\"itemListElement\":[{\"@type\":\"ListItem\",\"position\":1,\"name\":\"Portada\",\"item\":\"https:\/\/www.saveupmarket.com\/blog\/\"},{\"@type\":\"ListItem\",\"position\":2,\"name\":\"Pol\u00edtica de privacidad\"}]},{\"@type\":\"WebSite\",\"@id\":\"https:\/\/www.saveupmarket.com\/blog\/#website\",\"url\":\"https:\/\/www.saveupmarket.com\/blog\/\",\"name\":\"Saveupmarket\",\"description\":\"Ahorramos juntos\",\"publisher\":{\"@id\":\"https:\/\/www.saveupmarket.com\/blog\/#organization\"},\"potentialAction\":[{\"@type\":\"SearchAction\",\"target\":{\"@type\":\"EntryPoint\",\"urlTemplate\":\"https:\/\/www.saveupmarket.com\/blog\/?s={search_term_string}\"},\"query-input\":{\"@type\":\"PropertyValueSpecification\",\"valueRequired\":true,\"valueName\":\"search_term_string\"}}],\"inLanguage\":\"es\"},{\"@type\":\"Organization\",\"@id\":\"https:\/\/www.saveupmarket.com\/blog\/#organization\",\"name\":\"Saveupmarket\",\"url\":\"https:\/\/www.saveupmarket.com\/blog\/\",\"logo\":{\"@type\":\"ImageObject\",\"inLanguage\":\"es\",\"@id\":\"https:\/\/www.saveupmarket.com\/blog\/#\/schema\/logo\/image\/\",\"url\":\"https:\/\/www.saveupmarket.com\/blog\/wp-content\/uploads\/2024\/07\/cropped-logo-landing-1.png\",\"contentUrl\":\"https:\/\/www.saveupmarket.com\/blog\/wp-content\/uploads\/2024\/07\/cropped-logo-landing-1.png\",\"width\":249,\"height\":43,\"caption\":\"Saveupmarket\"},\"image\":{\"@id\":\"https:\/\/www.saveupmarket.com\/blog\/#\/schema\/logo\/image\/\"}}]}<\/script>\n<!-- \/ Yoast SEO plugin. -->","yoast_head_json":{"title":"Pol\u00edtica de privacidad - Saveupmarket","robots":{"index":"index","follow":"follow","max-snippet":"max-snippet:-1","max-image-preview":"max-image-preview:large","max-video-preview":"max-video-preview:-1"},"canonical":"https:\/\/www.saveupmarket.com\/blog\/politica-privacidad\/","og_locale":"es_ES","og_type":"article","og_title":"Pol\u00edtica de privacidad - Saveupmarket","og_description":"Pol\u00edtica de privacidad AVISO LEGAL Para dar cumplimiento a lo establecido en la Ley 34\/2002, de 11 de julio, de servicios de [&hellip;]","og_url":"https:\/\/www.saveupmarket.com\/blog\/politica-privacidad\/","og_site_name":"Saveupmarket","article_modified_time":"2025-02-14T09:01:03+00:00","twitter_card":"summary_large_image","twitter_misc":{"Tiempo de lectura":"8 minutos"},"schema":{"@context":"https:\/\/schema.org","@graph":[{"@type":"WebPage","@id":"https:\/\/www.saveupmarket.com\/blog\/politica-privacidad\/","url":"https:\/\/www.saveupmarket.com\/blog\/politica-privacidad\/","name":"Pol\u00edtica de privacidad - Saveupmarket","isPartOf":{"@id":"https:\/\/www.saveupmarket.com\/blog\/#website"},"datePublished":"2025-02-14T08:51:55+00:00","dateModified":"2025-02-14T09:01:03+00:00","breadcrumb":{"@id":"https:\/\/www.saveupmarket.com\/blog\/politica-privacidad\/#breadcrumb"},"inLanguage":"es","potentialAction":[{"@type":"ReadAction","target":["https:\/\/www.saveupmarket.com\/blog\/politica-privacidad\/"]}]},{"@type":"BreadcrumbList","@id":"https:\/\/www.saveupmarket.com\/blog\/politica-privacidad\/#breadcrumb","itemListElement":[{"@type":"ListItem","position":1,"name":"Portada","item":"https:\/\/www.saveupmarket.com\/blog\/"},{"@type":"ListItem","position":2,"name":"Pol\u00edtica de privacidad"}]},{"@type":"WebSite","@id":"https:\/\/www.saveupmarket.com\/blog\/#website","url":"https:\/\/www.saveupmarket.com\/blog\/","name":"Saveupmarket","description":"Ahorramos juntos","publisher":{"@id":"https:\/\/www.saveupmarket.com\/blog\/#organization"},"potentialAction":[{"@type":"SearchAction","target":{"@type":"EntryPoint","urlTemplate":"https:\/\/www.saveupmarket.com\/blog\/?s={search_term_string}"},"query-input":{"@type":"PropertyValueSpecification","valueRequired":true,"valueName":"search_term_string"}}],"inLanguage":"es"},{"@type":"Organization","@id":"https:\/\/www.saveupmarket.com\/blog\/#organization","name":"Saveupmarket","url":"https:\/\/www.saveupmarket.com\/blog\/","logo":{"@type":"ImageObject","inLanguage":"es","@id":"https:\/\/www.saveupmarket.com\/blog\/#\/schema\/logo\/image\/","url":"https:\/\/www.saveupmarket.com\/blog\/wp-content\/uploads\/2024\/07\/cropped-logo-landing-1.png","contentUrl":"https:\/\/www.saveupmarket.com\/blog\/wp-content\/uploads\/2024\/07\/cropped-logo-landing-1.png","width":249,"height":43,"caption":"Saveupmarket"},"image":{"@id":"https:\/\/www.saveupmarket.com\/blog\/#\/schema\/logo\/image\/"}}]}},"_links":{"self":[{"href":"https:\/\/www.saveupmarket.com\/blog\/wp-json\/wp\/v2\/pages\/1911","targetHints":{"allow":["GET"]}}],"collection":[{"href":"https:\/\/www.saveupmarket.com\/blog\/wp-json\/wp\/v2\/pages"}],"about":[{"href":"https:\/\/www.saveupmarket.com\/blog\/wp-json\/wp\/v2\/types\/page"}],"author":[{"embeddable":true,"href":"https:\/\/www.saveupmarket.com\/blog\/wp-json\/wp\/v2\/users\/1"}],"replies":[{"embeddable":true,"href":"https:\/\/www.saveupmarket.com\/blog\/wp-json\/wp\/v2\/comments?post=1911"}],"version-history":[{"count":3,"href":"https:\/\/www.saveupmarket.com\/blog\/wp-json\/wp\/v2\/pages\/1911\/revisions"}],"predecessor-version":[{"id":1924,"href":"https:\/\/www.saveupmarket.com\/blog\/wp-json\/wp\/v2\/pages\/1911\/revisions\/1924"}],"wp:attachment":[{"href":"https:\/\/www.saveupmarket.com\/blog\/wp-json\/wp\/v2\/media?parent=1911"}],"curies":[{"name":"wp","href":"https:\/\/api.w.org\/{rel}","templated":true}]}}