{"id":1909,"date":"2025-02-14T09:50:53","date_gmt":"2025-02-14T08:50:53","guid":{"rendered":"https:\/\/www.saveupmarket.com\/blog\/?page_id=1909"},"modified":"2025-02-14T10:03:10","modified_gmt":"2025-02-14T09:03:10","slug":"aviso-legal","status":"publish","type":"page","link":"https:\/\/www.saveupmarket.com\/blog\/aviso-legal\/","title":{"rendered":"Aviso legal"},"content":{"rendered":"\n<h2 class=\"wp-block-heading\">AVISO LEGAL<\/h2>\n\n\n\n<p>Todas las marcas, nombres comerciales o signos distintivos de cualquier clase que aparecen en el PORTAL son propiedad de la ENTIDAD o de terceros, sin que pueda entenderse que el uso o acceso al sitio y\/o a los servicios, atribuya al usuario derecho alguno sobre las citadas marcas, nombres comerciales y\/o signos distintivos.<\/p>\n\n\n\n<p>Asimismo, los contenidos publicados en la web, su dise\u00f1o gr\u00e1fico, im\u00e1genes, bases de datos y c\u00f3digo fuente son propiedad intelectual de la ENTIDAD o de terceros, sin que puedan entenderse cedidos al usuario, en virtud de lo establecido en este Aviso Legal, ninguno de los derechos de explotaci\u00f3n que existen o puedan existir sobre dichos contenidos m\u00e1s all\u00e1 de lo estrictamente necesario para el correcto uso del PORTAL y de los servicios que se prestan a trav\u00e9s de \u00e9l.<\/p>\n\n\n\n<p>En cumplimiento con el deber de informaci\u00f3n recogido en el art\u00edculo 10 de la Ley 34\/2002, de 11 de julio, de Servicios de la Sociedad de la Informaci\u00f3n y de Comercio Electr\u00f3nico, le informamos que la URL www.saveupmarket.com (en adelante el PORTAL) es un dominio propiedad de Save Up Market S.l. (en adelante la ENTIDAD), con domicilio sito en Calle Francesc Carbonell, 21 &#8211; ESC C P . ENT PTA. 2, Barcelona, 08034 , Barcelona &#8211; Spain, con C.I.F. B05389838.<\/p>\n\n\n\n<p>Le recordamos que en caso de que usted sea persona f\u00edsica que act\u00fae con fines ajenos a sus actividades comerciales o empresariales, a su oficio o a su profesi\u00f3n, puede acudir a la plataforma de resoluci\u00f3n de litigios en l\u00ednea que puede encontrar en el siguiente enlace:<\/p>\n\n\n\n<p>El acceso a este web site es responsabilidad exclusiva de los usuarios. El simple acceso al PORTAL no supone entablar ning\u00fan tipo de relaci\u00f3n de car\u00e1cter comercial entre la ENTIDAD y el usuario. Accediendo a \u00e9l acepta los siguientes t\u00e9rminos y condiciones.<\/p>\n","protected":false},"excerpt":{"rendered":"<p>AVISO LEGAL Todas las marcas, nombres comerciales o signos distintivos de cualquier clase que aparecen en el PORTAL son propiedad de la [&hellip;]<\/p>\n","protected":false},"author":1,"featured_media":0,"parent":0,"menu_order":0,"comment_status":"closed","ping_status":"closed","template":"","meta":{"footnotes":""},"class_list":["post-1909","page","type-page","status-publish","hentry"],"yoast_head":"<!-- This site is optimized with the Yoast SEO plugin v26.8 - https:\/\/yoast.com\/product\/yoast-seo-wordpress\/ -->\n<title>Aviso legal - Saveupmarket<\/title>\n<meta name=\"robots\" content=\"index, follow, max-snippet:-1, max-image-preview:large, max-video-preview:-1\" \/>\n<link rel=\"canonical\" href=\"https:\/\/www.saveupmarket.com\/blog\/aviso-legal\/\" \/>\n<meta property=\"og:locale\" content=\"es_ES\" \/>\n<meta property=\"og:type\" content=\"article\" \/>\n<meta property=\"og:title\" content=\"Aviso legal - Saveupmarket\" \/>\n<meta property=\"og:description\" content=\"AVISO LEGAL Todas las marcas, nombres comerciales o signos distintivos de cualquier clase que aparecen en el PORTAL son propiedad de la [&hellip;]\" \/>\n<meta property=\"og:url\" content=\"https:\/\/www.saveupmarket.com\/blog\/aviso-legal\/\" \/>\n<meta property=\"og:site_name\" content=\"Saveupmarket\" \/>\n<meta property=\"article:modified_time\" content=\"2025-02-14T09:03:10+00:00\" \/>\n<meta name=\"twitter:card\" content=\"summary_large_image\" \/>\n<meta name=\"twitter:label1\" content=\"Tiempo de lectura\" \/>\n\t<meta name=\"twitter:data1\" content=\"2 minutos\" \/>\n<script type=\"application\/ld+json\" class=\"yoast-schema-graph\">{\"@context\":\"https:\/\/schema.org\",\"@graph\":[{\"@type\":\"WebPage\",\"@id\":\"https:\/\/www.saveupmarket.com\/blog\/aviso-legal\/\",\"url\":\"https:\/\/www.saveupmarket.com\/blog\/aviso-legal\/\",\"name\":\"Aviso legal - Saveupmarket\",\"isPartOf\":{\"@id\":\"https:\/\/www.saveupmarket.com\/blog\/#website\"},\"datePublished\":\"2025-02-14T08:50:53+00:00\",\"dateModified\":\"2025-02-14T09:03:10+00:00\",\"breadcrumb\":{\"@id\":\"https:\/\/www.saveupmarket.com\/blog\/aviso-legal\/#breadcrumb\"},\"inLanguage\":\"es\",\"potentialAction\":[{\"@type\":\"ReadAction\",\"target\":[\"https:\/\/www.saveupmarket.com\/blog\/aviso-legal\/\"]}]},{\"@type\":\"BreadcrumbList\",\"@id\":\"https:\/\/www.saveupmarket.com\/blog\/aviso-legal\/#breadcrumb\",\"itemListElement\":[{\"@type\":\"ListItem\",\"position\":1,\"name\":\"Portada\",\"item\":\"https:\/\/www.saveupmarket.com\/blog\/\"},{\"@type\":\"ListItem\",\"position\":2,\"name\":\"Aviso legal\"}]},{\"@type\":\"WebSite\",\"@id\":\"https:\/\/www.saveupmarket.com\/blog\/#website\",\"url\":\"https:\/\/www.saveupmarket.com\/blog\/\",\"name\":\"Saveupmarket\",\"description\":\"Ahorramos juntos\",\"publisher\":{\"@id\":\"https:\/\/www.saveupmarket.com\/blog\/#organization\"},\"potentialAction\":[{\"@type\":\"SearchAction\",\"target\":{\"@type\":\"EntryPoint\",\"urlTemplate\":\"https:\/\/www.saveupmarket.com\/blog\/?s={search_term_string}\"},\"query-input\":{\"@type\":\"PropertyValueSpecification\",\"valueRequired\":true,\"valueName\":\"search_term_string\"}}],\"inLanguage\":\"es\"},{\"@type\":\"Organization\",\"@id\":\"https:\/\/www.saveupmarket.com\/blog\/#organization\",\"name\":\"Saveupmarket\",\"url\":\"https:\/\/www.saveupmarket.com\/blog\/\",\"logo\":{\"@type\":\"ImageObject\",\"inLanguage\":\"es\",\"@id\":\"https:\/\/www.saveupmarket.com\/blog\/#\/schema\/logo\/image\/\",\"url\":\"https:\/\/www.saveupmarket.com\/blog\/wp-content\/uploads\/2024\/07\/cropped-logo-landing-1.png\",\"contentUrl\":\"https:\/\/www.saveupmarket.com\/blog\/wp-content\/uploads\/2024\/07\/cropped-logo-landing-1.png\",\"width\":249,\"height\":43,\"caption\":\"Saveupmarket\"},\"image\":{\"@id\":\"https:\/\/www.saveupmarket.com\/blog\/#\/schema\/logo\/image\/\"}}]}<\/script>\n<!-- \/ Yoast SEO plugin. -->","yoast_head_json":{"title":"Aviso legal - Saveupmarket","robots":{"index":"index","follow":"follow","max-snippet":"max-snippet:-1","max-image-preview":"max-image-preview:large","max-video-preview":"max-video-preview:-1"},"canonical":"https:\/\/www.saveupmarket.com\/blog\/aviso-legal\/","og_locale":"es_ES","og_type":"article","og_title":"Aviso legal - Saveupmarket","og_description":"AVISO LEGAL Todas las marcas, nombres comerciales o signos distintivos de cualquier clase que aparecen en el PORTAL son propiedad de la [&hellip;]","og_url":"https:\/\/www.saveupmarket.com\/blog\/aviso-legal\/","og_site_name":"Saveupmarket","article_modified_time":"2025-02-14T09:03:10+00:00","twitter_card":"summary_large_image","twitter_misc":{"Tiempo de lectura":"2 minutos"},"schema":{"@context":"https:\/\/schema.org","@graph":[{"@type":"WebPage","@id":"https:\/\/www.saveupmarket.com\/blog\/aviso-legal\/","url":"https:\/\/www.saveupmarket.com\/blog\/aviso-legal\/","name":"Aviso legal - Saveupmarket","isPartOf":{"@id":"https:\/\/www.saveupmarket.com\/blog\/#website"},"datePublished":"2025-02-14T08:50:53+00:00","dateModified":"2025-02-14T09:03:10+00:00","breadcrumb":{"@id":"https:\/\/www.saveupmarket.com\/blog\/aviso-legal\/#breadcrumb"},"inLanguage":"es","potentialAction":[{"@type":"ReadAction","target":["https:\/\/www.saveupmarket.com\/blog\/aviso-legal\/"]}]},{"@type":"BreadcrumbList","@id":"https:\/\/www.saveupmarket.com\/blog\/aviso-legal\/#breadcrumb","itemListElement":[{"@type":"ListItem","position":1,"name":"Portada","item":"https:\/\/www.saveupmarket.com\/blog\/"},{"@type":"ListItem","position":2,"name":"Aviso legal"}]},{"@type":"WebSite","@id":"https:\/\/www.saveupmarket.com\/blog\/#website","url":"https:\/\/www.saveupmarket.com\/blog\/","name":"Saveupmarket","description":"Ahorramos juntos","publisher":{"@id":"https:\/\/www.saveupmarket.com\/blog\/#organization"},"potentialAction":[{"@type":"SearchAction","target":{"@type":"EntryPoint","urlTemplate":"https:\/\/www.saveupmarket.com\/blog\/?s={search_term_string}"},"query-input":{"@type":"PropertyValueSpecification","valueRequired":true,"valueName":"search_term_string"}}],"inLanguage":"es"},{"@type":"Organization","@id":"https:\/\/www.saveupmarket.com\/blog\/#organization","name":"Saveupmarket","url":"https:\/\/www.saveupmarket.com\/blog\/","logo":{"@type":"ImageObject","inLanguage":"es","@id":"https:\/\/www.saveupmarket.com\/blog\/#\/schema\/logo\/image\/","url":"https:\/\/www.saveupmarket.com\/blog\/wp-content\/uploads\/2024\/07\/cropped-logo-landing-1.png","contentUrl":"https:\/\/www.saveupmarket.com\/blog\/wp-content\/uploads\/2024\/07\/cropped-logo-landing-1.png","width":249,"height":43,"caption":"Saveupmarket"},"image":{"@id":"https:\/\/www.saveupmarket.com\/blog\/#\/schema\/logo\/image\/"}}]}},"_links":{"self":[{"href":"https:\/\/www.saveupmarket.com\/blog\/wp-json\/wp\/v2\/pages\/1909","targetHints":{"allow":["GET"]}}],"collection":[{"href":"https:\/\/www.saveupmarket.com\/blog\/wp-json\/wp\/v2\/pages"}],"about":[{"href":"https:\/\/www.saveupmarket.com\/blog\/wp-json\/wp\/v2\/types\/page"}],"author":[{"embeddable":true,"href":"https:\/\/www.saveupmarket.com\/blog\/wp-json\/wp\/v2\/users\/1"}],"replies":[{"embeddable":true,"href":"https:\/\/www.saveupmarket.com\/blog\/wp-json\/wp\/v2\/comments?post=1909"}],"version-history":[{"count":2,"href":"https:\/\/www.saveupmarket.com\/blog\/wp-json\/wp\/v2\/pages\/1909\/revisions"}],"predecessor-version":[{"id":1929,"href":"https:\/\/www.saveupmarket.com\/blog\/wp-json\/wp\/v2\/pages\/1909\/revisions\/1929"}],"wp:attachment":[{"href":"https:\/\/www.saveupmarket.com\/blog\/wp-json\/wp\/v2\/media?parent=1909"}],"curies":[{"name":"wp","href":"https:\/\/api.w.org\/{rel}","templated":true}]}}